{"id":7537,"date":"2018-10-26T11:21:29","date_gmt":"2018-10-26T09:21:29","guid":{"rendered":"https:\/\/www.gleichcom.samuraidev.ch\/?product=sprechende-kuechenwaage-vox-2-marschall"},"modified":"1000-01-01T00:00:00","modified_gmt":"1000-01-01T00:00:00","slug":"sprechende-kuechenwaage-vox-2-marschall","status":"publish","type":"product","link":"https:\/\/www.gleichcom.samuraidev.ch\/it\/shop\/sprechende-kuechenwaage-vox-2-marschall\/","title":{"rendered":"Bilancia da cucina parlante Vox 2 Marschall"},"content":{"rendered":"<p><span style=\"font-size:16px;\"><strong>Bilancia da cucina parlante Vox 2 Marschall<\/strong><\/span><br \/>\n<strong>Uscita vocale no disponibile in tedesco<\/strong><br \/>\n\u00a0<br \/>\nCon questa bilancia da cucina, \u00e8 pi\u00f9 facile cucinare e cucinare anche le persone anziane o ipovedenti. La bilancia \u00e8 dotata di quattro tasti extra large ad alto contrasto. In questo modo \u00e8 possibile comandare tutti i tasti in modo ottimale e senza sforzo. Ogni singola pressione di un pulsante viene segnalata dall&#8217;uscita vocale, il che rende molto semplice l&#8217;uso della bilancia. Il volume della voce in uscita pu\u00f2 essere regolato individualmente. La bilancia \u00e8 inoltre dotata di un display illuminato di grandi dimensioni, che consente di leggere il peso anche in condizioni di scarsa illuminazione. Con il pulsante di azzeramento della tara, \u00e8 possibile pesare un numero qualsiasi di alimenti uno dopo l&#8217;altro semplicemente azzerando la visualizzazione del peso. Inoltre, i segnali di avvertimento ottici e acustici aiutano ad evitare di sovraccaricare la bilancia. Il carico massimo di questa bilancia \u00e8 di 5 kg.<br \/>\n\u00a0<br \/>\n<strong>In sintesi<\/strong><br \/>\nBilancia da cucina molto chiaramente parlando<br \/>\nTasti extra large, ad alto contrasto e facili da sentire<br \/>\nGrande display illuminato<br \/>\nMolto facile da maneggiare<br \/>\nVolume di uscita vocale regolabile<br \/>\nMisure con precisione di 1 g<br \/>\nPu\u00f2 essere caricato con un massimo di 5 kg.<br \/>\nIl segnale acustico avverte di un sovraccarico<br \/>\nSpegnimento automatico dopo 90 secondi<br \/>\nFunzione di pesatura regolabile (funzione tara)<br \/>\n<strong>4 lingue regolabili: tedesco, inglese, spagnolo e francese<\/strong><br \/>\nRichiede 4 batterie AA (incluse)<br \/>\nDimensioni della superficie di pesatura: 13,0 cm x 13,0 cm<br \/>\nDimensioni Alloggiamento 13 x 16,2 x 4,1 cm<br \/>\nColore: Argento metallizzato<br \/>\n\u00a0<br \/>\n<strong>Dotazione di fornitura<\/strong><br \/>\n1 x Parlando Cucina Bilancia da cucina VOX 2<br \/>\n4 batterie AA<br \/>\n1 x Istruzioni per l&#8217;uso dettagliate<\/p>\n","protected":false},"excerpt":{"rendered":"<p>\tBilancia da cucina facile da usare con uscita vocale chiara e ad alto volume e pulsanti extra large. Include un grande display illuminato. Carico massimo 5 kg.\u00a0Uscita vocale no disponibile in tedesco<\/p>\n","protected":false},"featured_media":7526,"template":"","meta":{"inline_featured_image":false,"_uag_custom_page_level_css":"","site-sidebar-layout":"default","site-content-layout":"","ast-site-content-layout":"default","site-content-style":"default","site-sidebar-style":"default","ast-global-header-display":"","ast-banner-title-visibility":"","ast-main-header-display":"","ast-hfb-above-header-display":"","ast-hfb-below-header-display":"","ast-hfb-mobile-header-display":"","site-post-title":"","ast-breadcrumbs-content":"","ast-featured-img":"","footer-sml-layout":"","ast-disable-related-posts":"","theme-transparent-header-meta":"","adv-header-id-meta":"","stick-header-meta":"","header-above-stick-meta":"","header-main-stick-meta":"","header-below-stick-meta":"","astra-migrate-meta-layouts":"default","ast-page-background-enabled":"default","ast-page-background-meta":{"desktop":{"background-color":"","background-image":"","background-repeat":"repeat","background-position":"center center","background-size":"auto","background-attachment":"scroll","background-type":"","background-media":"","overlay-type":"","overlay-color":"","overlay-opacity":"","overlay-gradient":""},"tablet":{"background-color":"","background-image":"","background-repeat":"repeat","background-position":"center center","background-size":"auto","background-attachment":"scroll","background-type":"","background-media":"","overlay-type":"","overlay-color":"","overlay-opacity":"","overlay-gradient":""},"mobile":{"background-color":"","background-image":"","background-repeat":"repeat","background-position":"center center","background-size":"auto","background-attachment":"scroll","background-type":"","background-media":"","overlay-type":"","overlay-color":"","overlay-opacity":"","overlay-gradient":""}},"ast-content-background-meta":{"desktop":{"background-color":"var(--ast-global-color-5)","background-image":"","background-repeat":"repeat","background-position":"center center","background-size":"auto","background-attachment":"scroll","background-type":"","background-media":"","overlay-type":"","overlay-color":"","overlay-opacity":"","overlay-gradient":""},"tablet":{"background-color":"var(--ast-global-color-5)","background-image":"","background-repeat":"repeat","background-position":"center center","background-size":"auto","background-attachment":"scroll","background-type":"","background-media":"","overlay-type":"","overlay-color":"","overlay-opacity":"","overlay-gradient":""},"mobile":{"background-color":"var(--ast-global-color-5)","background-image":"","background-repeat":"repeat","background-position":"center center","background-size":"auto","background-attachment":"scroll","background-type":"","background-media":"","overlay-type":"","overlay-color":"","overlay-opacity":"","overlay-gradient":""}}},"product_brand":[],"product_cat":[3018,3021],"product_tag":[],"class_list":{"0":"post-7537","1":"product","2":"type-product","3":"status-publish","4":"has-post-thumbnail","6":"product_cat-accessori-parlanti-it","7":"product_cat-aiuti-domestici-parlanti-it","8":"desktop-align-center","9":"tablet-align-center","10":"mobile-align-center","11":"ast-product-gallery-layout-horizontal-slider","12":"ast-product-tabs-layout-accordion","14":"first","15":"instock","16":"taxable","17":"shipping-taxable","18":"purchasable","19":"product-type-simple"},"yoast_head":"<!-- This site is optimized with the Yoast SEO plugin v27.5 - https:\/\/yoast.com\/product\/yoast-seo-wordpress\/ -->\n<title>Bilancia da cucina parlante Vox 2 Marschall im Onlineshop | Gleichcom AG<\/title>\n<meta name=\"description\" content=\"\u2705 Bilancia da cucina facile da usare con uscita vocale chiara e ad alto volume e pulsanti extra large. Include un grande display illuminato. Carico massimo 5 kg.\u00a0Uscita vocale no disponibile in tedesco\" \/>\n<meta name=\"robots\" content=\"noindex, follow, max-snippet:-1, max-image-preview:large, max-video-preview:-1\" \/>\n<meta property=\"og:locale\" content=\"it_IT\" \/>\n<meta property=\"og:type\" content=\"article\" \/>\n<meta property=\"og:title\" content=\"Bilancia da cucina parlante Vox 2 Marschall im Onlineshop | Gleichcom AG\" \/>\n<meta property=\"og:description\" content=\"\u2705 Bilancia da cucina facile da usare con uscita vocale chiara e ad alto volume e pulsanti extra large. Include un grande display illuminato. Carico massimo 5 kg.\u00a0Uscita vocale no disponibile in tedesco\" \/>\n<meta property=\"og:url\" content=\"https:\/\/www.gleichcom.samuraidev.ch\/it\/shop\/sprechende-kuechenwaage-vox-2-marschall\/\" \/>\n<meta property=\"og:site_name\" content=\"Gleichcom AG\" \/>\n<meta property=\"article:publisher\" content=\"https:\/\/www.facebook.com\/profile.php?id=100068749126981\" \/>\n<meta property=\"og:image\" content=\"https:\/\/www.gleichcom.samuraidev.ch\/wp-content\/uploads\/2023\/09\/mar13041.jpg\" \/>\n\t<meta property=\"og:image:width\" content=\"500\" \/>\n\t<meta property=\"og:image:height\" content=\"369\" \/>\n\t<meta property=\"og:image:type\" content=\"image\/jpeg\" \/>\n<meta name=\"twitter:card\" content=\"summary_large_image\" \/>\n<script type=\"application\/ld+json\" class=\"yoast-schema-graph\">{\"@context\":\"https:\\\/\\\/schema.org\",\"@graph\":[{\"@type\":\"WebPage\",\"@id\":\"https:\\\/\\\/www.gleichcom.samuraidev.ch\\\/it\\\/shop\\\/sprechende-kuechenwaage-vox-2-marschall\\\/\",\"url\":\"https:\\\/\\\/www.gleichcom.samuraidev.ch\\\/it\\\/shop\\\/sprechende-kuechenwaage-vox-2-marschall\\\/\",\"name\":\"Bilancia da cucina parlante Vox 2 Marschall im Onlineshop | Gleichcom AG\",\"isPartOf\":{\"@id\":\"https:\\\/\\\/www.gleichcom.samuraidev.ch\\\/it\\\/#website\"},\"primaryImageOfPage\":{\"@id\":\"https:\\\/\\\/www.gleichcom.samuraidev.ch\\\/it\\\/shop\\\/sprechende-kuechenwaage-vox-2-marschall\\\/#primaryimage\"},\"image\":{\"@id\":\"https:\\\/\\\/www.gleichcom.samuraidev.ch\\\/it\\\/shop\\\/sprechende-kuechenwaage-vox-2-marschall\\\/#primaryimage\"},\"thumbnailUrl\":\"https:\\\/\\\/www.gleichcom.samuraidev.ch\\\/wp-content\\\/uploads\\\/2023\\\/09\\\/mar13041.jpg\",\"datePublished\":\"2018-10-26T09:21:29+00:00\",\"description\":\"\u2705 Bilancia da cucina facile da usare con uscita vocale chiara e ad alto volume e pulsanti extra large. Include un grande display illuminato. Carico massimo 5 kg.\u00a0Uscita vocale no disponibile in tedesco\",\"breadcrumb\":{\"@id\":\"https:\\\/\\\/www.gleichcom.samuraidev.ch\\\/it\\\/shop\\\/sprechende-kuechenwaage-vox-2-marschall\\\/#breadcrumb\"},\"inLanguage\":\"it-IT\",\"potentialAction\":[{\"@type\":\"ReadAction\",\"target\":[\"https:\\\/\\\/www.gleichcom.samuraidev.ch\\\/it\\\/shop\\\/sprechende-kuechenwaage-vox-2-marschall\\\/\"]}]},{\"@type\":\"ImageObject\",\"inLanguage\":\"it-IT\",\"@id\":\"https:\\\/\\\/www.gleichcom.samuraidev.ch\\\/it\\\/shop\\\/sprechende-kuechenwaage-vox-2-marschall\\\/#primaryimage\",\"url\":\"https:\\\/\\\/www.gleichcom.samuraidev.ch\\\/wp-content\\\/uploads\\\/2023\\\/09\\\/mar13041.jpg\",\"contentUrl\":\"https:\\\/\\\/www.gleichcom.samuraidev.ch\\\/wp-content\\\/uploads\\\/2023\\\/09\\\/mar13041.jpg\",\"width\":500,\"height\":369},{\"@type\":\"BreadcrumbList\",\"@id\":\"https:\\\/\\\/www.gleichcom.samuraidev.ch\\\/it\\\/shop\\\/sprechende-kuechenwaage-vox-2-marschall\\\/#breadcrumb\",\"itemListElement\":[{\"@type\":\"ListItem\",\"position\":1,\"name\":\"Startseite\",\"item\":\"https:\\\/\\\/www.gleichcom.samuraidev.ch\\\/it\\\/\"},{\"@type\":\"ListItem\",\"position\":2,\"name\":\"Shop\",\"item\":\"https:\\\/\\\/www.gleichcom.samuraidev.ch\\\/it\\\/shop\\\/\"},{\"@type\":\"ListItem\",\"position\":3,\"name\":\"Bilancia da cucina parlante Vox 2 Marschall\"}]},{\"@type\":\"WebSite\",\"@id\":\"https:\\\/\\\/www.gleichcom.samuraidev.ch\\\/it\\\/#website\",\"url\":\"https:\\\/\\\/www.gleichcom.samuraidev.ch\\\/it\\\/\",\"name\":\"Gleichcom AG\",\"description\":\"besser h\u00f6ren. besser sehen. besser leben.\",\"publisher\":{\"@id\":\"https:\\\/\\\/www.gleichcom.samuraidev.ch\\\/it\\\/#organization\"},\"alternateName\":\"Gleichcom\",\"potentialAction\":[{\"@type\":\"SearchAction\",\"target\":{\"@type\":\"EntryPoint\",\"urlTemplate\":\"https:\\\/\\\/www.gleichcom.samuraidev.ch\\\/it\\\/?s={search_term_string}\"},\"query-input\":{\"@type\":\"PropertyValueSpecification\",\"valueRequired\":true,\"valueName\":\"search_term_string\"}}],\"inLanguage\":\"it-IT\"},{\"@type\":\"Organization\",\"@id\":\"https:\\\/\\\/www.gleichcom.samuraidev.ch\\\/it\\\/#organization\",\"name\":\"Gleichcom AG\",\"alternateName\":\"Gleichcom\",\"url\":\"https:\\\/\\\/www.gleichcom.samuraidev.ch\\\/it\\\/\",\"logo\":{\"@type\":\"ImageObject\",\"inLanguage\":\"it-IT\",\"@id\":\"https:\\\/\\\/www.gleichcom.samuraidev.ch\\\/it\\\/#\\\/schema\\\/logo\\\/image\\\/\",\"url\":\"https:\\\/\\\/www.gleichcom.samuraidev.ch\\\/wp-content\\\/uploads\\\/2023\\\/09\\\/gleichcom-ag-logo-quadrat-farbig-mitte@696.png\",\"contentUrl\":\"https:\\\/\\\/www.gleichcom.samuraidev.ch\\\/wp-content\\\/uploads\\\/2023\\\/09\\\/gleichcom-ag-logo-quadrat-farbig-mitte@696.png\",\"width\":437,\"height\":437,\"caption\":\"Gleichcom AG\"},\"image\":{\"@id\":\"https:\\\/\\\/www.gleichcom.samuraidev.ch\\\/it\\\/#\\\/schema\\\/logo\\\/image\\\/\"},\"sameAs\":[\"https:\\\/\\\/www.facebook.com\\\/profile.php?id=100068749126981\"]}]}<\/script>\n<!-- \/ Yoast SEO plugin. -->","yoast_head_json":{"title":"Bilancia da cucina parlante Vox 2 Marschall im Onlineshop | Gleichcom AG","description":"\u2705 Bilancia da cucina facile da usare con uscita vocale chiara e ad alto volume e pulsanti extra large. Include un grande display illuminato. Carico massimo 5 kg.\u00a0Uscita vocale no disponibile in tedesco","robots":{"index":"noindex","follow":"follow","max-snippet":"max-snippet:-1","max-image-preview":"max-image-preview:large","max-video-preview":"max-video-preview:-1"},"og_locale":"it_IT","og_type":"article","og_title":"Bilancia da cucina parlante Vox 2 Marschall im Onlineshop | Gleichcom AG","og_description":"\u2705 Bilancia da cucina facile da usare con uscita vocale chiara e ad alto volume e pulsanti extra large. Include un grande display illuminato. Carico massimo 5 kg.\u00a0Uscita vocale no disponibile in tedesco","og_url":"https:\/\/www.gleichcom.samuraidev.ch\/it\/shop\/sprechende-kuechenwaage-vox-2-marschall\/","og_site_name":"Gleichcom AG","article_publisher":"https:\/\/www.facebook.com\/profile.php?id=100068749126981","og_image":[{"width":500,"height":369,"url":"https:\/\/www.gleichcom.samuraidev.ch\/wp-content\/uploads\/2023\/09\/mar13041.jpg","type":"image\/jpeg"}],"twitter_card":"summary_large_image","schema":{"@context":"https:\/\/schema.org","@graph":[{"@type":"WebPage","@id":"https:\/\/www.gleichcom.samuraidev.ch\/it\/shop\/sprechende-kuechenwaage-vox-2-marschall\/","url":"https:\/\/www.gleichcom.samuraidev.ch\/it\/shop\/sprechende-kuechenwaage-vox-2-marschall\/","name":"Bilancia da cucina parlante Vox 2 Marschall im Onlineshop | Gleichcom AG","isPartOf":{"@id":"https:\/\/www.gleichcom.samuraidev.ch\/it\/#website"},"primaryImageOfPage":{"@id":"https:\/\/www.gleichcom.samuraidev.ch\/it\/shop\/sprechende-kuechenwaage-vox-2-marschall\/#primaryimage"},"image":{"@id":"https:\/\/www.gleichcom.samuraidev.ch\/it\/shop\/sprechende-kuechenwaage-vox-2-marschall\/#primaryimage"},"thumbnailUrl":"https:\/\/www.gleichcom.samuraidev.ch\/wp-content\/uploads\/2023\/09\/mar13041.jpg","datePublished":"2018-10-26T09:21:29+00:00","description":"\u2705 Bilancia da cucina facile da usare con uscita vocale chiara e ad alto volume e pulsanti extra large. Include un grande display illuminato. Carico massimo 5 kg.\u00a0Uscita vocale no disponibile in tedesco","breadcrumb":{"@id":"https:\/\/www.gleichcom.samuraidev.ch\/it\/shop\/sprechende-kuechenwaage-vox-2-marschall\/#breadcrumb"},"inLanguage":"it-IT","potentialAction":[{"@type":"ReadAction","target":["https:\/\/www.gleichcom.samuraidev.ch\/it\/shop\/sprechende-kuechenwaage-vox-2-marschall\/"]}]},{"@type":"ImageObject","inLanguage":"it-IT","@id":"https:\/\/www.gleichcom.samuraidev.ch\/it\/shop\/sprechende-kuechenwaage-vox-2-marschall\/#primaryimage","url":"https:\/\/www.gleichcom.samuraidev.ch\/wp-content\/uploads\/2023\/09\/mar13041.jpg","contentUrl":"https:\/\/www.gleichcom.samuraidev.ch\/wp-content\/uploads\/2023\/09\/mar13041.jpg","width":500,"height":369},{"@type":"BreadcrumbList","@id":"https:\/\/www.gleichcom.samuraidev.ch\/it\/shop\/sprechende-kuechenwaage-vox-2-marschall\/#breadcrumb","itemListElement":[{"@type":"ListItem","position":1,"name":"Startseite","item":"https:\/\/www.gleichcom.samuraidev.ch\/it\/"},{"@type":"ListItem","position":2,"name":"Shop","item":"https:\/\/www.gleichcom.samuraidev.ch\/it\/shop\/"},{"@type":"ListItem","position":3,"name":"Bilancia da cucina parlante Vox 2 Marschall"}]},{"@type":"WebSite","@id":"https:\/\/www.gleichcom.samuraidev.ch\/it\/#website","url":"https:\/\/www.gleichcom.samuraidev.ch\/it\/","name":"Gleichcom AG","description":"besser h\u00f6ren. besser sehen. besser leben.","publisher":{"@id":"https:\/\/www.gleichcom.samuraidev.ch\/it\/#organization"},"alternateName":"Gleichcom","potentialAction":[{"@type":"SearchAction","target":{"@type":"EntryPoint","urlTemplate":"https:\/\/www.gleichcom.samuraidev.ch\/it\/?s={search_term_string}"},"query-input":{"@type":"PropertyValueSpecification","valueRequired":true,"valueName":"search_term_string"}}],"inLanguage":"it-IT"},{"@type":"Organization","@id":"https:\/\/www.gleichcom.samuraidev.ch\/it\/#organization","name":"Gleichcom AG","alternateName":"Gleichcom","url":"https:\/\/www.gleichcom.samuraidev.ch\/it\/","logo":{"@type":"ImageObject","inLanguage":"it-IT","@id":"https:\/\/www.gleichcom.samuraidev.ch\/it\/#\/schema\/logo\/image\/","url":"https:\/\/www.gleichcom.samuraidev.ch\/wp-content\/uploads\/2023\/09\/gleichcom-ag-logo-quadrat-farbig-mitte@696.png","contentUrl":"https:\/\/www.gleichcom.samuraidev.ch\/wp-content\/uploads\/2023\/09\/gleichcom-ag-logo-quadrat-farbig-mitte@696.png","width":437,"height":437,"caption":"Gleichcom AG"},"image":{"@id":"https:\/\/www.gleichcom.samuraidev.ch\/it\/#\/schema\/logo\/image\/"},"sameAs":["https:\/\/www.facebook.com\/profile.php?id=100068749126981"]}]}},"uagb_featured_image_src":{"full":["https:\/\/www.gleichcom.samuraidev.ch\/wp-content\/uploads\/2023\/09\/mar13041.jpg",500,369,false],"thumbnail":["https:\/\/www.gleichcom.samuraidev.ch\/wp-content\/uploads\/2023\/09\/mar13041.jpg",150,111,false],"medium":["https:\/\/www.gleichcom.samuraidev.ch\/wp-content\/uploads\/2023\/09\/mar13041.jpg",300,221,false],"medium_large":["https:\/\/www.gleichcom.samuraidev.ch\/wp-content\/uploads\/2023\/09\/mar13041.jpg",500,369,false],"large":["https:\/\/www.gleichcom.samuraidev.ch\/wp-content\/uploads\/2023\/09\/mar13041.jpg",500,369,false],"1536x1536":["https:\/\/www.gleichcom.samuraidev.ch\/wp-content\/uploads\/2023\/09\/mar13041.jpg",500,369,false],"2048x2048":["https:\/\/www.gleichcom.samuraidev.ch\/wp-content\/uploads\/2023\/09\/mar13041.jpg",500,369,false],"woocommerce_thumbnail":["https:\/\/www.gleichcom.samuraidev.ch\/wp-content\/uploads\/2023\/09\/mar13041.jpg",300,221,false],"woocommerce_single":["https:\/\/www.gleichcom.samuraidev.ch\/wp-content\/uploads\/2023\/09\/mar13041.jpg",500,369,false],"woocommerce_gallery_thumbnail":["https:\/\/www.gleichcom.samuraidev.ch\/wp-content\/uploads\/2023\/09\/mar13041-100x100.jpg",100,100,true]},"uagb_author_info":{"display_name":"","author_link":"https:\/\/www.gleichcom.samuraidev.ch\/it\/author\/"},"uagb_comment_info":0,"uagb_excerpt":"Bilancia da cucina facile da usare con uscita vocale chiara e ad alto volume e pulsanti extra large. Include un grande display illuminato. Carico massimo 5 kg.\u00a0Uscita vocale no disponibile in tedesco","_links":{"self":[{"href":"https:\/\/www.gleichcom.samuraidev.ch\/it\/wp-json\/wp\/v2\/product\/7537","targetHints":{"allow":["GET"]}}],"collection":[{"href":"https:\/\/www.gleichcom.samuraidev.ch\/it\/wp-json\/wp\/v2\/product"}],"about":[{"href":"https:\/\/www.gleichcom.samuraidev.ch\/it\/wp-json\/wp\/v2\/types\/product"}],"wp:featuredmedia":[{"embeddable":true,"href":"https:\/\/www.gleichcom.samuraidev.ch\/it\/wp-json\/wp\/v2\/media\/7526"}],"wp:attachment":[{"href":"https:\/\/www.gleichcom.samuraidev.ch\/it\/wp-json\/wp\/v2\/media?parent=7537"}],"wp:term":[{"taxonomy":"product_brand","embeddable":true,"href":"https:\/\/www.gleichcom.samuraidev.ch\/it\/wp-json\/wp\/v2\/product_brand?post=7537"},{"taxonomy":"product_cat","embeddable":true,"href":"https:\/\/www.gleichcom.samuraidev.ch\/it\/wp-json\/wp\/v2\/product_cat?post=7537"},{"taxonomy":"product_tag","embeddable":true,"href":"https:\/\/www.gleichcom.samuraidev.ch\/it\/wp-json\/wp\/v2\/product_tag?post=7537"}],"curies":[{"name":"wp","href":"https:\/\/api.w.org\/{rel}","templated":true}]}}